{"id":56,"date":"2026-01-05T23:11:45","date_gmt":"2026-01-05T23:11:45","guid":{"rendered":"https:\/\/eskuvoiszolgaltataskereso.hu\/?page_id=56"},"modified":"2026-01-05T23:13:02","modified_gmt":"2026-01-05T23:13:02","slug":"kezdolap","status":"publish","type":"page","link":"https:\/\/eskuvoiszolgaltataskereso.hu\/","title":{"rendered":"kezd\u0151lap"},"content":{"rendered":"<p>\u00fcres<\/p>","protected":false},"excerpt":{"rendered":"<p>\u00fcres<\/p>\n","protected":false},"author":1,"featured_media":0,"parent":0,"menu_order":0,"comment_status":"closed","ping_status":"closed","template":"","meta":{"pagelayer_contact_templates":[],"_pagelayer_content":"","_monsterinsights_skip_tracking":false,"_monsterinsights_sitenote_active":false,"_monsterinsights_sitenote_note":"","_monsterinsights_sitenote_category":0,"footnotes":""},"class_list":["post-56","page","type-page","status-publish","hentry"],"yoast_head":"<!-- This site is optimized with the Yoast SEO plugin v26.6 - https:\/\/yoast.com\/wordpress\/plugins\/seo\/ -->\n<title>kezd\u0151lap - Magamatajanlom<\/title>\n<meta name=\"robots\" content=\"index, follow, max-snippet:-1, max-image-preview:large, max-video-preview:-1\" \/>\n<link rel=\"canonical\" href=\"https:\/\/eskuvoiszolgaltataskereso.hu\/\" \/>\n<meta property=\"og:locale\" content=\"hu_HU\" \/>\n<meta property=\"og:type\" content=\"article\" \/>\n<meta property=\"og:title\" content=\"kezd\u0151lap - Magamatajanlom\" \/>\n<meta property=\"og:description\" content=\"\u00fcres\" \/>\n<meta property=\"og:url\" content=\"https:\/\/eskuvoiszolgaltataskereso.hu\/\" \/>\n<meta property=\"og:site_name\" content=\"Magamatajanlom\" \/>\n<meta property=\"article:modified_time\" content=\"2026-01-05T23:13:02+00:00\" \/>\n<meta name=\"twitter:card\" content=\"summary_large_image\" \/>\n<meta name=\"twitter:label1\" content=\"Becs\u00fclt olvas\u00e1si id\u0151\" \/>\n\t<meta name=\"twitter:data1\" content=\"1 perc\" \/>\n<script type=\"application\/ld+json\" class=\"yoast-schema-graph\">{\"@context\":\"https:\/\/schema.org\",\"@graph\":[{\"@type\":\"WebPage\",\"@id\":\"https:\/\/eskuvoiszolgaltataskereso.hu\/\",\"url\":\"https:\/\/eskuvoiszolgaltataskereso.hu\/\",\"name\":\"kezd\u0151lap - Magamatajanlom\",\"isPartOf\":{\"@id\":\"https:\/\/eskuvoiszolgaltataskereso.hu\/#website\"},\"datePublished\":\"2026-01-05T23:11:45+00:00\",\"dateModified\":\"2026-01-05T23:13:02+00:00\",\"breadcrumb\":{\"@id\":\"https:\/\/eskuvoiszolgaltataskereso.hu\/#breadcrumb\"},\"inLanguage\":\"hu\",\"potentialAction\":[{\"@type\":\"ReadAction\",\"target\":[\"https:\/\/eskuvoiszolgaltataskereso.hu\/\"]}]},{\"@type\":\"BreadcrumbList\",\"@id\":\"https:\/\/eskuvoiszolgaltataskereso.hu\/#breadcrumb\",\"itemListElement\":[{\"@type\":\"ListItem\",\"position\":1,\"name\":\"Home\",\"item\":\"https:\/\/eskuvoiszolgaltataskereso.hu\/\"},{\"@type\":\"ListItem\",\"position\":2,\"name\":\"kezd\u0151lap\"}]},{\"@type\":\"WebSite\",\"@id\":\"https:\/\/eskuvoiszolgaltataskereso.hu\/#website\",\"url\":\"https:\/\/eskuvoiszolgaltataskereso.hu\/\",\"name\":\"Magamatajanlom\",\"description\":\"Esk\u00fcv\u0151\",\"potentialAction\":[{\"@type\":\"SearchAction\",\"target\":{\"@type\":\"EntryPoint\",\"urlTemplate\":\"https:\/\/eskuvoiszolgaltataskereso.hu\/?s={search_term_string}\"},\"query-input\":{\"@type\":\"PropertyValueSpecification\",\"valueRequired\":true,\"valueName\":\"search_term_string\"}}],\"inLanguage\":\"hu\"}]}<\/script>\n<!-- \/ Yoast SEO plugin. -->","yoast_head_json":{"title":"kezd\u0151lap - Magamatajanlom","robots":{"index":"index","follow":"follow","max-snippet":"max-snippet:-1","max-image-preview":"max-image-preview:large","max-video-preview":"max-video-preview:-1"},"canonical":"https:\/\/eskuvoiszolgaltataskereso.hu\/","og_locale":"hu_HU","og_type":"article","og_title":"kezd\u0151lap - Magamatajanlom","og_description":"\u00fcres","og_url":"https:\/\/eskuvoiszolgaltataskereso.hu\/","og_site_name":"Magamatajanlom","article_modified_time":"2026-01-05T23:13:02+00:00","twitter_card":"summary_large_image","twitter_misc":{"Becs\u00fclt olvas\u00e1si id\u0151":"1 perc"},"schema":{"@context":"https:\/\/schema.org","@graph":[{"@type":"WebPage","@id":"https:\/\/eskuvoiszolgaltataskereso.hu\/","url":"https:\/\/eskuvoiszolgaltataskereso.hu\/","name":"kezd\u0151lap - Magamatajanlom","isPartOf":{"@id":"https:\/\/eskuvoiszolgaltataskereso.hu\/#website"},"datePublished":"2026-01-05T23:11:45+00:00","dateModified":"2026-01-05T23:13:02+00:00","breadcrumb":{"@id":"https:\/\/eskuvoiszolgaltataskereso.hu\/#breadcrumb"},"inLanguage":"hu","potentialAction":[{"@type":"ReadAction","target":["https:\/\/eskuvoiszolgaltataskereso.hu\/"]}]},{"@type":"BreadcrumbList","@id":"https:\/\/eskuvoiszolgaltataskereso.hu\/#breadcrumb","itemListElement":[{"@type":"ListItem","position":1,"name":"Home","item":"https:\/\/eskuvoiszolgaltataskereso.hu\/"},{"@type":"ListItem","position":2,"name":"kezd\u0151lap"}]},{"@type":"WebSite","@id":"https:\/\/eskuvoiszolgaltataskereso.hu\/#website","url":"https:\/\/eskuvoiszolgaltataskereso.hu\/","name":"Magamatajanlom","description":"Esk\u00fcv\u0151","potentialAction":[{"@type":"SearchAction","target":{"@type":"EntryPoint","urlTemplate":"https:\/\/eskuvoiszolgaltataskereso.hu\/?s={search_term_string}"},"query-input":{"@type":"PropertyValueSpecification","valueRequired":true,"valueName":"search_term_string"}}],"inLanguage":"hu"}]}},"_links":{"self":[{"href":"https:\/\/eskuvoiszolgaltataskereso.hu\/index.php?rest_route=\/wp\/v2\/pages\/56","targetHints":{"allow":["GET"]}}],"collection":[{"href":"https:\/\/eskuvoiszolgaltataskereso.hu\/index.php?rest_route=\/wp\/v2\/pages"}],"about":[{"href":"https:\/\/eskuvoiszolgaltataskereso.hu\/index.php?rest_route=\/wp\/v2\/types\/page"}],"author":[{"embeddable":true,"href":"https:\/\/eskuvoiszolgaltataskereso.hu\/index.php?rest_route=\/wp\/v2\/users\/1"}],"replies":[{"embeddable":true,"href":"https:\/\/eskuvoiszolgaltataskereso.hu\/index.php?rest_route=%2Fwp%2Fv2%2Fcomments&post=56"}],"version-history":[{"count":3,"href":"https:\/\/eskuvoiszolgaltataskereso.hu\/index.php?rest_route=\/wp\/v2\/pages\/56\/revisions"}],"predecessor-version":[{"id":59,"href":"https:\/\/eskuvoiszolgaltataskereso.hu\/index.php?rest_route=\/wp\/v2\/pages\/56\/revisions\/59"}],"wp:attachment":[{"href":"https:\/\/eskuvoiszolgaltataskereso.hu\/index.php?rest_route=%2Fwp%2Fv2%2Fmedia&parent=56"}],"curies":[{"name":"wp","href":"https:\/\/api.w.org\/{rel}","templated":true}]}}